{"id":5,"date":"2024-12-09T18:20:54","date_gmt":"2024-12-09T18:20:54","guid":{"rendered":"https:\/\/chrobak.net.pl\/?page_id=5"},"modified":"2024-12-09T19:59:15","modified_gmt":"2024-12-09T19:59:15","slug":"strona-glowna","status":"publish","type":"page","link":"https:\/\/chrobak.net.pl\/","title":{"rendered":"Co nas wyr\u00f3\u017cnia?"},"content":{"rendered":"\n<div class=\"wp-block-cover alignfull hestia-clear-top-padding wp-duotone-purple-yellow\" style=\"font-style:normal;font-weight:600\"><span aria-hidden=\"true\" class=\"wp-block-cover__background has-background-dim-100 has-background-dim\" style=\"background-color:#2c692d\"><\/span><div class=\"wp-block-cover__inner-container is-layout-flow wp-block-cover-is-layout-flow\">\n<p><\/p>\n\n\n\n<h2 class=\"wp-block-heading has-text-align-center has-white-color has-text-color has-medium-font-size\" style=\"font-style:normal;font-weight:400\">W odpowiedzi na rosn\u0105ce zapotrzebowanie na wysokiej jako\u015bci produkty z drewna, oferujemy szeroki wyb\u00f3r maszyn do obr\u00f3bki i stolarstwa, takich jak pilarki czy frezarki. Jako renomowany producent, od wielu lat doskonalimy nasze urz\u0105dzenia, wprowadzaj\u0105c innowacje i rozbudowuj\u0105c infrastruktur\u0119 produkcyjn\u0105.<\/h2>\n\n\n\n<div style=\"height:40px\" aria-hidden=\"true\" class=\"wp-block-spacer\"><\/div>\n\n\n\n<div class=\"wp-block-columns container has-header-gradient-color has-text-color has-background has-link-color has-small-font-size wp-elements-bcb157371d7682c6447c3202cf062e4b is-layout-flex wp-container-core-columns-is-layout-1 wp-block-columns-is-layout-flex\" style=\"border-style:none;border-width:0px;border-radius:0px;background-color:#3f5451;margin-top:0;margin-bottom:0;padding-top:0;padding-right:0;padding-bottom:0;padding-left:0\">\n<div class=\"wp-block-column is-layout-flow wp-block-column-is-layout-flow\"><div class=\"wp-block-image\">\n<figure class=\"aligncenter size-large\"><img decoding=\"async\" src=\"https:\/\/chrobak.net.pl\/wp-content\/themes\/hestia\/assets\/img\/feat2.png\" alt=\"\" class=\"wp-image-71\"\/><\/figure><\/div>\n\n\n<h5 class=\"wp-block-heading has-text-align-center has-white-color has-text-color\" style=\"font-size:26px\">Obs\u0142uga<\/h5>\n\n\n\n<p class=\"has-text-align-center has-white-color has-text-color\" style=\"font-size:22px\">Oferujemy kompleksow\u0105 obs\u0142ug\u0119, obejmuj\u0105c\u0105 doradztwo, monta\u017c, serwis oraz wieloletni\u0105 gwarancj\u0119.<\/p>\n\n\n\n<div style=\"height:25px\" aria-hidden=\"true\" class=\"wp-block-spacer\"><\/div>\n<\/div>\n\n\n\n<div class=\"wp-block-column is-layout-flow wp-block-column-is-layout-flow\" style=\"padding-top:0;padding-bottom:0\"><div class=\"wp-block-image\">\n<figure class=\"aligncenter size-large\"><img decoding=\"async\" src=\"https:\/\/chrobak.net.pl\/wp-content\/themes\/hestia\/assets\/img\/feat1.png\" alt=\"\" class=\"wp-image-70\"\/><\/figure><\/div>\n\n\n<h5 class=\"wp-block-heading has-text-align-center has-white-color has-text-color\" style=\"font-size:26px\">Jako\u015b\u0107<\/h5>\n\n\n\n<p class=\"has-text-align-center has-white-color has-text-color\" style=\"font-size:22px\">Wydajno\u015b\u0107, bezpiecze\u0144stwo, d\u0142ugowieczno\u015b\u0107, mo\u017cliwo\u015bci\u0105 dopasowania do specjalistycznych potrzeb klient\u00f3w.<\/p>\n\n\n\n<div style=\"height:25px\" aria-hidden=\"true\" class=\"wp-block-spacer\"><\/div>\n<\/div>\n\n\n\n<div class=\"wp-block-column is-layout-flow wp-block-column-is-layout-flow\"><div class=\"wp-block-image\">\n<figure class=\"aligncenter size-large\"><img decoding=\"async\" src=\"https:\/\/chrobak.net.pl\/wp-content\/themes\/hestia\/assets\/img\/feat3.png\" alt=\"\" class=\"wp-image-72\"\/><\/figure><\/div>\n\n\n<h5 class=\"wp-block-heading has-text-align-center has-white-color has-text-color\" style=\"font-size:26px\">Do\u015bwiadczenie<\/h5>\n\n\n\n<p class=\"has-text-align-center has-white-color has-text-color\" style=\"font-size:22px\">Dzi\u0119ki wieloletniemu do\u015bwiadczeniu i pasji do technologii stolarskich, nasza firma nieustannie rozwija ofert\u0119.<\/p>\n\n\n\n<div style=\"height:25px\" aria-hidden=\"true\" class=\"wp-block-spacer\"><\/div>\n<\/div>\n<\/div>\n\n\n\n<div style=\"height:40px\" aria-hidden=\"true\" class=\"wp-block-spacer\"><\/div>\n<\/div><\/div>\n\n\n\n<div class=\"wp-block-columns container is-layout-flex wp-container-core-columns-is-layout-2 wp-block-columns-is-layout-flex\"><\/div>\n","protected":false},"excerpt":{"rendered":"","protected":false},"author":1,"featured_media":0,"parent":0,"menu_order":0,"comment_status":"closed","ping_status":"closed","template":"","meta":{"footnotes":""},"class_list":["post-5","page","type-page","status-publish","hentry"],"_links":{"self":[{"href":"https:\/\/chrobak.net.pl\/index.php?rest_route=\/wp\/v2\/pages\/5","targetHints":{"allow":["GET"]}}],"collection":[{"href":"https:\/\/chrobak.net.pl\/index.php?rest_route=\/wp\/v2\/pages"}],"about":[{"href":"https:\/\/chrobak.net.pl\/index.php?rest_route=\/wp\/v2\/types\/page"}],"author":[{"embeddable":true,"href":"https:\/\/chrobak.net.pl\/index.php?rest_route=\/wp\/v2\/users\/1"}],"replies":[{"embeddable":true,"href":"https:\/\/chrobak.net.pl\/index.php?rest_route=%2Fwp%2Fv2%2Fcomments&post=5"}],"version-history":[{"count":7,"href":"https:\/\/chrobak.net.pl\/index.php?rest_route=\/wp\/v2\/pages\/5\/revisions"}],"predecessor-version":[{"id":33,"href":"https:\/\/chrobak.net.pl\/index.php?rest_route=\/wp\/v2\/pages\/5\/revisions\/33"}],"wp:attachment":[{"href":"https:\/\/chrobak.net.pl\/index.php?rest_route=%2Fwp%2Fv2%2Fmedia&parent=5"}],"curies":[{"name":"wp","href":"https:\/\/api.w.org\/{rel}","templated":true}]}}